{"id":50,"date":"2019-08-28T15:19:34","date_gmt":"2019-08-28T13:19:34","guid":{"rendered":"http:\/\/mjcmonblanc.fr\/?page_id=50"},"modified":"2025-09-04T21:39:05","modified_gmt":"2025-09-04T19:39:05","slug":"mesmerize","status":"publish","type":"page","link":"https:\/\/mjcmonblanc.fr\/","title":{"rendered":"Accueil"},"content":{"rendered":"\t\t<div data-elementor-type=\"wp-page\" data-elementor-id=\"50\" class=\"elementor elementor-50\">\n\t\t\t\t<div class=\"elementor-element elementor-element-463e8645 e-flex e-con-boxed e-con e-parent\" data-id=\"463e8645\" data-element_type=\"container\">\n\t\t\t\t\t<div class=\"e-con-inner\">\n\t\t<div class=\"elementor-element elementor-element-ee33f2c e-con-full e-flex e-con e-child\" data-id=\"ee33f2c\" data-element_type=\"container\">\n\t\t\t\t<div class=\"elementor-element elementor-element-03282de elementor-widget elementor-widget-heading\" data-id=\"03282de\" data-element_type=\"widget\" data-widget_type=\"heading.default\">\n\t\t\t\t\t<h2 class=\"elementor-heading-title elementor-size-default\">Association MJC Monblanc<\/h2>\t\t\t\t<\/div>\n\t\t\t\t<div class=\"elementor-element elementor-element-b2f492e elementor-widget elementor-widget-text-editor\" data-id=\"b2f492e\" data-element_type=\"widget\" data-widget_type=\"text-editor.default\">\n\t\t\t\t\t\t\t\t\t<p>Une Maison des Jeunes et de la Culture est une association loi 1901 dont la vocation est de permettre \u00e0 tous d\u2019acc\u00e9der \u00e0 l\u2019\u00e9ducation, aux loisirs et \u00e0 la culture. Cr\u00e9\u00e9e en 1952, la MJC de Monblanc\u00a0 est affili\u00e9e \u00e0 la f\u00e9d\u00e9ration r\u00e9gionale MJC Occitanie.<\/p>\t\t\t\t\t\t\t\t<\/div>\n\t\t<div class=\"elementor-element elementor-element-5f4981a e-con-full e-flex e-con e-child\" data-id=\"5f4981a\" data-element_type=\"container\">\n\t\t\t\t<div class=\"elementor-element elementor-element-5024ad3 elementor-widget elementor-widget-text-editor\" data-id=\"5024ad3\" data-element_type=\"widget\" data-widget_type=\"text-editor.default\">\n\t\t\t\t\t\t\t\t\t<p><b>Les Clubs d\u2019activit\u00e9s d\u00e9buteront <\/b><\/p><p><b>\u00e0 partir du <\/b><b>8<\/b><b> septembre 2025<\/b><\/p><p>des s\u00e9ances \u00abd\u00e9couvertes\u00bb gratuites\u00a0du 8 au 20 septembre !!!<\/p><p><b>Comment s\u2019inscrire<\/b><\/p><ul><li>Au forum des associations le 6 septembre \u00e0 Lombez<\/li><li>Aupr\u00e8s de l\u2019intervenant du club<\/li><li>Sur rendez-vous le mercredi de 17-18h (par mail)<\/li><li>Sur https:\/\/www.helloasso.com\/associations\/mjc-de-monblanc\/adhesions\/adhesion-2025-2026<\/li><li>\u00a0Notre plaquette de pr\u00e9sentation<\/li><li>\u00a0<\/li><\/ul><p><b><a href=\"https:\/\/mjcmonblanc.fr\/wp-content\/uploads\/2025\/09\/plaquetteMJC2025.pdf\">plaquette MJC 2025<\/a><\/b><\/p><div>\u00a0<\/div><div>\u00a0<\/div>\t\t\t\t\t\t\t\t<\/div>\n\t\t\t\t<\/div>\n\t\t\t\t<\/div>\n\t\t\t\t<div class=\"elementor-element elementor-element-1dcb9e11 elementor-hidden-desktop elementor-hidden-tablet elementor-hidden-mobile elementor-widget elementor-widget-text-editor\" data-id=\"1dcb9e11\" data-element_type=\"widget\" data-widget_type=\"text-editor.default\">\n\t\t\t\t\t\t\t\t\t<div id=\"cta-1\" class=\"cta-blue-section content-section content-section-spacing-medium bg-color1 white-text\" data-label=\"Cta\" data-id=\"cta-blue-section\" data-export-id=\"cta-blue-section\" data-category=\"cta\"><p>Notre<\/p><div class=\"gridContainer\"><div class=\"row middle-xs\"><div class=\"col-sm-8 space-bottom-xs\" data-type=\"column\"><h2 class=\"\">Adh\u00e9rez \u00e0 la MJC pour la saison 2024-2025!<\/h2><\/div><div class=\"col-sm-4 end-sm\" data-type=\"column\"><a class=\"button color2\" href=\"https:\/\/mjcmonblanc.fr\/wp-content\/uploads\/2023\/10\/Fichinscripmjc24.pdf\" target=\"_blank\" rel=\"noopener noreferrer\" data-cp-link=\"1\">Inscription<\/a><\/div><\/div><\/div><\/div><div id=\"features-4\" class=\"features-16 content-section content-section-spacing\" style=\"background-color: #f5fafd;\" data-label=\"Features\" data-id=\"features--1\" data-export-id=\"features-16\" data-category=\"features\"><div class=\"gridContainer\"><div class=\"row text-center\"><div class=\"section-title-col\" data-type=\"column\"><h2 class=\"\">Saison 2024 \u00e0 la\u00a0 MJC de Monblanc<\/h2><p class=\"lead\">La saison s\u2019annonce sous les meilleurs auspices pour la MJC. Au programme, des animations pour tous avec comme ma\u00eetre mot: convivialit\u00e9.<\/p><\/div><\/div><div class=\"row spaced-cols\" data-type=\"row\"><div class=\"col-xs-12 col-sm-6 col-md-4 space-bottom\"><p><img decoding=\"async\" class=\"face\" title=\"cropped-jump-colore\u0301.jpg\" src=\"https:\/\/mjcmonblanc.fr\/wp-content\/uploads\/2020\/09\/cropped-jump-colore\u0301.jpg\" alt=\"\" \/><\/p><div class=\"col-padding-small col-padding-small-xs description-container\" data-type=\"column\"><h4 class=\"font-500\">Tout sur la saison\u00a0 2024<\/h4><p class=\"\">Cette ann\u00e9e encore, les intervenants se sont mobilis\u00e9s pour r\u00e9pondre \u00e0 vos demandes et vous apportez des animations de qualit\u00e9. T\u00e9l\u00e9charger le programme vous d\u00e9couvrirez peut-\u00eatre l\u2019animation que vous cherchez.<\/p><p><a class=\"read-more\" href=\"https:\/\/mjcmonblanc.fr\/wp-content\/uploads\/2023\/09\/Plaquette2023V2.pdf\" target=\"_self\" rel=\"noopener\" data-cp-link=\"1\">T\u00e9l\u00e9chargez la plaquette 2023-2024 !<\/a><\/p><\/div><\/div><div class=\"col-xs-12 col-sm-6 col-md-4 space-bottom\"><div class=\"col-padding-small col-padding-small-xs description-container\" data-type=\"column\"><h4 class=\"font-500\">Le Kf\u00e9 Suspendu un incontournable \u00e0 Monblanc !<\/h4><p class=\"\">Tous les vendredis de 18h30 \u00e0 21h30 le Kf\u00e9 suspendu ouvre ses portes. Ce lieu de convivialit\u00e9 et d\u2019\u00e9changes vous propose des concerts de musique du monde avec collation (pizza au feu de bois). Pour passer un bon d\u00e9but de soir\u00e9e entre copains !<\/p><\/div><\/div><div class=\"col-xs-12 col-sm-6 col-md-4 space-bottom\"><p><img decoding=\"async\" class=\"face\" title=\"cropped-cropped-logo-2.jpg\" src=\"https:\/\/mjcmonblanc.fr\/wp-content\/uploads\/2022\/01\/cropped-cropped-logo-2.jpg\" alt=\"\" \/><\/p><div class=\"col-padding-small col-padding-small-xs description-container\" data-type=\"column\"><h4 class=\"font-500\">J\u2019adh\u00e8re \u00e0 la MJC<\/h4><p class=\"\">L\u2019adh\u00e9sion \u00e0 la MJC de Monblanc et du Sav\u00e8s vous permettra de b\u00e9n\u00e9ficier des offres et propositions d\u2019activit\u00e9s. T\u00e9l\u00e9chargez le bulletin d\u2019adh\u00e9sion.<\/p><p><a class=\"read-more\" href=\"https:\/\/mjcmonblanc.fr\/wp-content\/uploads\/2023\/10\/Fichinscripmjc24.pdf\" target=\"_self\" rel=\"noopener\" data-cp-link=\"1\">T\u00e9l\u00e9chargez le bulletin d\u2019adh\u00e9sion pour 2024 !<\/a><\/p><\/div><\/div><\/div><\/div><\/div><div id=\"about-1\" class=\"about-10 content-section content-section-spacing\" style=\"background-color: #f5fafd;\" data-label=\"About\" data-id=\"about--1\" data-export-id=\"about-10\" data-category=\"about\"><div class=\"gridContainer\"><div class=\"row middle-sm text-center\"><div class=\"col-sm-5 space-bottom-xs content-column\" data-type=\"column\">\u00a0<\/div><div class=\"col-sm-7 flexbox middle-xs center-xs space-bottom-xs\"><div class=\"overlay-box middle-xs center-xs flexbox\"><div class=\"overlay-box-offset offset-border shadow-medium border-color1 hide-xs\">\u00a0<\/div><\/div><\/div><\/div><\/div><\/div><div id=\"about-2\" class=\"about-9 content-section content-section-spacing\" style=\"background-color: #f5fafd;\" data-label=\"About\" data-id=\"about--2\" data-export-id=\"about-9\" data-category=\"about\"><div class=\"gridContainer\"><div class=\"row middle-sm text-center\"><div class=\"col-sm-5 space-bottom-xs content-column content-right-sm\" data-type=\"column\"><h5 class=\"\">SAISON 2023-2024<\/h5><h2 class=\"\">Le tai-chi-chuan<br \/><span style=\"font-family: Playfair Display,sans-serif; font-weight: bold; font-style: italic;\">Le mercredi\u00a0 \u00e0 la mjc de Monblanc<\/span> venez d\u00e9couvrir cette activit\u00e9 !<\/h2><p class=\"\">Le tai-chi-chuan est une pratique de \u00ab gymnastique \u00e9nerg\u00e9tique \u00bb tr\u00e8s ancienne qui fait partie int\u00e9grante du syst\u00e8me de la m\u00e9decine traditionnelle chinoise. C\u2019est une forme d\u2019art martial qui sollicite le corps et l\u2019\u00e9nergie de celle-ci. Le tai-chi chuan passe par un ensemble de mouvement continus et circulaires r\u00e9alis\u00e9s avec lenteur et pr\u00e9cision, dans un ordre d\u00e9fini au pr\u00e9alable.Le tai-chi-chuan est une pratique de \u00ab gymnastique \u00e9nerg\u00e9tique \u00bb tr\u00e8s ancienne qui fait partie int\u00e9grante du syst\u00e8me de la m\u00e9decine traditionnelle chinoise. C\u2019est une forme d\u2019art martial qui sollicite le corps et l\u2019\u00e9nergie de celle-ci. Le tai-chi chuan passe par un ensemble de mouvement continus et circulaires r\u00e9alis\u00e9s avec lenteur et pr\u00e9cision, dans un ordre d\u00e9fini au pr\u00e9alable..<\/p><\/div><div class=\"col-sm-7 flexbox flexbox middle-xs center-xs space-bottom-xs\"><div class=\"overlay-box flexbox middle-xs center-xs overlay-holder \"><div class=\"overlay-box-offset offset-background shadow-medium bg-color2 hide-xs\">\u00a0<\/div><p><img decoding=\"async\" class=\"flexbox shadow-large img1\" title=\"AfficheTaiChi\" src=\"https:\/\/mjcmonblanc.fr\/wp-content\/uploads\/2023\/09\/AfficheTaiChi-scaled.jpg\" alt=\"\" data-size=\"600x400\" \/><\/p><\/div><\/div><\/div><\/div><\/div><div id=\"portfolio-3\" class=\"portfolio-4 content-section content-section-spacing-top\" style=\"background-color: #f5fafd;\" data-label=\"Portfolio\" data-id=\"portfolio-4\" data-export-id=\"portfolio-4\" data-category=\"portfolio\"><div class=\"\"><div class=\"row text-center\"><div class=\"section-title-col\" data-type=\"column\"><h2 class=\"\">PHOTOS<\/h2><p class=\"lead\">La MJC en photos<\/p><\/div><\/div><div class=\"row\" data-type=\"row\" data-fixed=\"true\"><div class=\"col-xs-12 col-sm-3 no-gutter-col\"><div class=\"contentswap-effect\" data-hover-fx=\"portfolio-4\"><div class=\"initial-image\"><img decoding=\"async\" src=\"https:\/\/mjcmonblanc.fr\/wp-content\/uploads\/2019\/09\/IMG_0912.jpg\" data-size=\"542x360\" \/><\/div><div class=\"overlay bg-color1\">\u00a0<\/div><div class=\"swap-inner col-xs-12\"><div class=\"row full-height-row middle-xs middle-sm\"><div class=\"col-xs-12 text-center content-holder\">\u00a0<\/div><\/div><\/div><\/div><\/div><div class=\"col-xs-12 col-sm-3 no-gutter-col\"><div class=\"contentswap-effect\" data-hover-fx=\"portfolio-4\"><div class=\"initial-image\"><img decoding=\"async\" src=\"https:\/\/mjcmonblanc.fr\/wp-content\/uploads\/2019\/09\/IMG_0779.jpg\" data-size=\"542x360\" \/><\/div><div class=\"overlay bg-color1\">\u00a0<\/div><div class=\"swap-inner col-xs-12\"><div class=\"row full-height-row middle-xs middle-sm\"><div class=\"col-xs-12 text-center content-holder\">\u00a0<\/div><\/div><\/div><\/div><\/div><div class=\"col-xs-12 col-sm-3 no-gutter-col\"><div class=\"contentswap-effect\" data-hover-fx=\"portfolio-4\"><div class=\"initial-image\"><img decoding=\"async\" src=\"https:\/\/mjcmonblanc.fr\/wp-content\/uploads\/2019\/09\/IMG_0762.jpg\" data-size=\"542x360\" \/><\/div><div class=\"overlay bg-color1\">\u00a0<\/div><div class=\"swap-inner col-xs-12\"><div class=\"row full-height-row middle-xs middle-sm\"><div class=\"col-xs-12 text-center content-holder\">\u00a0<\/div><\/div><\/div><\/div><\/div><div class=\"col-xs-12 col-sm-3 no-gutter-col\"><div class=\"contentswap-effect\" data-hover-fx=\"portfolio-4\"><div class=\"initial-image\"><img decoding=\"async\" src=\"https:\/\/mjcmonblanc.fr\/wp-content\/uploads\/2019\/09\/IMG_0943.jpg\" data-size=\"542x360\" \/><\/div><div class=\"overlay bg-color1\">\u00a0<\/div><div class=\"swap-inner col-xs-12\"><div class=\"row full-height-row middle-xs middle-sm\"><div class=\"col-xs-12 text-center content-holder\">\u00a0<\/div><\/div><\/div><\/div><\/div><div class=\"col-xs-12 col-sm-3 no-gutter-col\"><div class=\"contentswap-effect\" data-hover-fx=\"portfolio-4\"><div class=\"initial-image\"><img decoding=\"async\" src=\"https:\/\/mjcmonblanc.fr\/wp-content\/uploads\/2019\/09\/IMG_0752.jpg\" data-size=\"542x360\" \/><\/div><div class=\"overlay bg-color1\">\u00a0<\/div><div class=\"swap-inner col-xs-12\"><div class=\"row full-height-row middle-xs middle-sm\"><div class=\"col-xs-12 text-center content-holder\">\u00a0<\/div><\/div><\/div><\/div><\/div><div class=\"col-xs-12 col-sm-3 no-gutter-col\"><div class=\"contentswap-effect\" data-hover-fx=\"portfolio-4\"><div class=\"initial-image\"><img decoding=\"async\" src=\"https:\/\/mjcmonblanc.fr\/wp-content\/uploads\/2019\/09\/IMG_0747.jpg\" data-size=\"542x360\" \/><\/div><div class=\"overlay bg-color1\">\u00a0<\/div><div class=\"swap-inner col-xs-12\"><div class=\"row full-height-row middle-xs middle-sm\"><div class=\"col-xs-12 text-center content-holder\">\u00a0<\/div><\/div><\/div><\/div><\/div><div class=\"col-xs-12 col-sm-3 no-gutter-col\"><div class=\"contentswap-effect\" data-hover-fx=\"portfolio-4\"><div class=\"initial-image\"><img decoding=\"async\" src=\"https:\/\/mjcmonblanc.fr\/wp-content\/uploads\/2019\/09\/IMG_0745.jpg\" data-size=\"542x360\" \/><\/div><div class=\"overlay bg-color1\">\u00a0<\/div><div class=\"swap-inner col-xs-12\"><div class=\"row full-height-row middle-xs middle-sm\"><div class=\"col-xs-12 text-center content-holder\">\u00a0<\/div><\/div><\/div><\/div><\/div><div class=\"col-xs-12 col-sm-3 no-gutter-col\"><div class=\"contentswap-effect\" data-hover-fx=\"portfolio-4\"><div class=\"initial-image\"><img decoding=\"async\" src=\"https:\/\/mjcmonblanc.fr\/wp-content\/uploads\/2019\/09\/IMG_0702.jpg\" data-size=\"542x360\" \/><\/div><div class=\"overlay bg-color1\">\u00a0<\/div><div class=\"swap-inner col-xs-12\"><div class=\"row full-height-row middle-xs middle-sm\"><div class=\"col-xs-12 text-center content-holder\">\u00a0<\/div><\/div><\/div><\/div><\/div><\/div><\/div><\/div><div id=\"team-2\" class=\"team-2 content-section content-section-spacing\" style=\"background-color: #ffffff;\" data-label=\"Team\" data-id=\"team-2\" data-export-id=\"team-2\" data-category=\"team\"><div class=\"gridContainer\"><div class=\"row text-center\"><div class=\"section-title-col\" data-type=\"column\">\u00a0<\/div><\/div><div class=\"row spaced-cols content-center-sm\" data-type=\"row\"><div class=\"col-sm-6 col-md-3\"><div class=\"card y-move no-padding bordered\"><div class=\"col-padding-small col-padding-small-xs description-container\" data-type=\"column\">\u00a0<\/div><\/div><\/div><\/div><\/div><\/div><div id=\"testimonials-5\" class=\"testimonials-5 content-section content-section-spacing\" style=\"background-color: #ffffff;\" data-label=\"Testimonials\" data-id=\"testimonials-5\" data-export-id=\"testimonials-5\" data-category=\"testimonials\"><div class=\"\"><div class=\"row\"><div class=\"section-title-col\" data-type=\"column\">\u00a0<\/div><\/div><div class=\"row spaced-cols content-center-sm\" data-type=\"row\"><div class=\"col-sm-4\"><div class=\"card y-move bordered\" data-type=\"column\">\u00a0<\/div><\/div><\/div><\/div><\/div><div id=\"contact-1\" class=\"contact-1 content-section content-section-spacing white-text\" data-label=\"Contact\" data-id=\"contact-1\" data-export-id=\"contact-1\" data-category=\"contact\" data-parallax-depth=\"20\"><div class=\"gridContainer\"><div class=\"row text-center\"><div class=\"section-title-col\" data-type=\"column\"><h2 class=\"\">Nous contacter<\/h2><p class=\"lead\">05.62.62.41.88<\/p><p class=\"lead\">Du lundi au vendredi de 8h30 \u00e0 18h.<\/p><p class=\"lead\">direction.mjcmonblanc@gmail.com<\/p><p class=\"lead\">secretariat.mjcmonblanc@gmail.com<\/p><\/div><\/div><div class=\"row text-center\"><div class=\"col-xs-12 col-sm-8 col-sm-offset-2 contact-form-wrapper inline-info\"><div class=\"card large-padding\"><div class=\"\" data-content-shortcode=\"mesmerize_contact_form shortcode=&quot;contact form&quot;\" data-editable=\"true\">[mesmerize_contact_form shortcode=\u00a0\u00bbcontact form\u00a0\u00bb]<\/div><\/div><\/div><\/div><\/div><\/div><div id=\"features-3\" class=\"features-12-card-bordered content-section content-section-spacing \" style=\"background-color: #ffffff;\" data-label=\"Features\" data-id=\"features-12-card-bordered\" data-export-id=\"features-12-card-bordered\" data-category=\"features\"><div class=\"gridContainer\"><div class=\"row text-center\"><div class=\"section-title-col\" data-type=\"column\"><h2 class=\"\">LA MJC C\u2019EST :<\/h2><p class=\"lead\">\u00a0<\/p><\/div><\/div><div class=\"row spaced-cols\" data-type=\"row\"><div class=\"col-sm-6\"><div class=\"card row-card bordered y-move\"><div class=\"row\"><div class=\"col-sm-fit icon-column\">\u00a0<\/div><div class=\"col-sm\" data-type=\"column\"><h5 class=\"color2\">ANIMATION LOCALE<\/h5><p class=\"\">Des \u00e9v\u00e8nements culturels et ludiques vous seront propos\u00e9s tout au long de la saison 2023-2024.<\/p><\/div><\/div><\/div><\/div><div class=\"col-sm-6\"><div class=\"card row-card bordered y-move\"><div class=\"row\"><div class=\"col-sm-fit icon-column\">\u00a0<\/div><div class=\"col-sm\" data-type=\"column\"><h5 class=\"color2\">CLUBS D\u2019ACTIVITES<\/h5><p class=\"\">Musique, danse, percussions, yoga,tai chi chuan\u2026<br \/>Venez decouvrir les clubs d\u2019activit\u00e9s propos\u00e9s tout au long de l\u2019ann\u00e9e<\/p><\/div><\/div><\/div><\/div><\/div><\/div><\/div><div id=\"overlappable-4\" class=\"overlappable-4 content-section content-section-spacing\" style=\"background-color: #ffffff;\" data-label=\"Overlappable\" data-id=\"overlappable-4\" data-export-id=\"overlappable-4\" data-category=\"overlappable\" data-overlap=\"true\"><div class=\"gridContainer\"><div class=\"row spaced-cols text-center\" data-type=\"row\"><div class=\"col-xs-12 col-sm-4 col-padding\"><div class=\"\" data-type=\"column\"><h5 class=\"\">PARTAGE<\/h5><p class=\"\">Un lieu de partage ouvert \u00e0 tous<\/p><\/div><\/div><div class=\"col-xs-12 col-sm-4 col-padding\"><div class=\"\" data-type=\"column\"><h5 class=\"\">CONVIVIALITE<\/h5><p class=\"\">Le plaisir de vivre ensemble\u2026<\/p><\/div><\/div><div class=\"col-xs-12 col-sm-4 col-padding\"><div class=\"\" data-type=\"column\"><h5 class=\"\">BIEN-ETRE<\/h5><p class=\"\">Prendre soin de soi, am\u00e9liorer sa sant\u00e9 et pr\u00e9server son \u00e9quilibre<\/p><\/div><\/div><\/div><\/div><\/div>\t\t\t\t\t\t\t\t<\/div>\n\t\t\t\t\t<\/div>\n\t\t\t\t<\/div>\n\t\t\t\t<\/div>\n\t\t","protected":false},"excerpt":{"rendered":"<p>Association MJC Monblanc Une Maison des Jeunes et de la Culture est une association loi 1901 dont la vocation est de permettre \u00e0 tous d\u2019acc\u00e9der \u00e0 l\u2019\u00e9ducation, aux loisirs et [&hellip;]<\/p>\n","protected":false},"author":1,"featured_media":0,"parent":0,"menu_order":0,"comment_status":"closed","ping_status":"closed","template":"","meta":{"footnotes":""},"class_list":["post-50","page","type-page","status-publish","hentry"],"_links":{"self":[{"href":"https:\/\/mjcmonblanc.fr\/index.php?rest_route=\/wp\/v2\/pages\/50","targetHints":{"allow":["GET"]}}],"collection":[{"href":"https:\/\/mjcmonblanc.fr\/index.php?rest_route=\/wp\/v2\/pages"}],"about":[{"href":"https:\/\/mjcmonblanc.fr\/index.php?rest_route=\/wp\/v2\/types\/page"}],"author":[{"embeddable":true,"href":"https:\/\/mjcmonblanc.fr\/index.php?rest_route=\/wp\/v2\/users\/1"}],"replies":[{"embeddable":true,"href":"https:\/\/mjcmonblanc.fr\/index.php?rest_route=%2Fwp%2Fv2%2Fcomments&post=50"}],"version-history":[{"count":138,"href":"https:\/\/mjcmonblanc.fr\/index.php?rest_route=\/wp\/v2\/pages\/50\/revisions"}],"predecessor-version":[{"id":1860,"href":"https:\/\/mjcmonblanc.fr\/index.php?rest_route=\/wp\/v2\/pages\/50\/revisions\/1860"}],"wp:attachment":[{"href":"https:\/\/mjcmonblanc.fr\/index.php?rest_route=%2Fwp%2Fv2%2Fmedia&parent=50"}],"curies":[{"name":"wp","href":"https:\/\/api.w.org\/{rel}","templated":true}]}}