{"id":1706,"date":"2025-08-24T12:39:18","date_gmt":"2025-08-24T10:39:18","guid":{"rendered":"https:\/\/mjcmonblanc.fr\/?page_id=1706"},"modified":"2026-02-12T18:28:18","modified_gmt":"2026-02-12T17:28:18","slug":"cafe-2","status":"publish","type":"page","link":"https:\/\/mjcmonblanc.fr\/?page_id=1706","title":{"rendered":"Caf\u00e9"},"content":{"rendered":"\n<p class=\"has-large-font-size\">Concert du 13 f\u00e9vrier 2026<\/p>\n\n\n\n<p class=\"has-large-font-size\"><\/p>\n\n\n\n<figure class=\"wp-block-image size-full\"><img fetchpriority=\"high\" decoding=\"async\" width=\"682\" height=\"960\" src=\"https:\/\/mjcmonblanc.fr\/wp-content\/uploads\/2026\/02\/wazzup-13FEV.jpg\" alt=\"\" class=\"wp-image-1888\" srcset=\"https:\/\/mjcmonblanc.fr\/wp-content\/uploads\/2026\/02\/wazzup-13FEV.jpg 682w, https:\/\/mjcmonblanc.fr\/wp-content\/uploads\/2026\/02\/wazzup-13FEV-213x300.jpg 213w\" sizes=\"(max-width: 682px) 100vw, 682px\" \/><\/figure>\n\n\n\n<p class=\"has-large-font-size\"><strong>Soir\u00e9e soupe au Douni  avec le SEL de Monblanc<\/strong> <strong>le vendredi 6 f\u00e9vier 2026<\/strong><\/p>\n\n\n\n<figure class=\"wp-block-image size-large is-resized\"><img decoding=\"async\" width=\"727\" height=\"1024\" src=\"https:\/\/mjcmonblanc.fr\/wp-content\/uploads\/2026\/02\/Soireesoupe-727x1024.jpg\" alt=\"\" class=\"wp-image-1885\" style=\"width:470px;height:auto\" srcset=\"https:\/\/mjcmonblanc.fr\/wp-content\/uploads\/2026\/02\/Soireesoupe-727x1024.jpg 727w, https:\/\/mjcmonblanc.fr\/wp-content\/uploads\/2026\/02\/Soireesoupe-213x300.jpg 213w, https:\/\/mjcmonblanc.fr\/wp-content\/uploads\/2026\/02\/Soireesoupe-768x1082.jpg 768w, https:\/\/mjcmonblanc.fr\/wp-content\/uploads\/2026\/02\/Soireesoupe.jpg 1080w\" sizes=\"(max-width: 727px) 100vw, 727px\" \/><\/figure>\n\n\n\n<p class=\"has-large-font-size\"><\/p>\n\n\n\n<p class=\"has-large-font-size\"><strong>Salamandre au Douni le vendredi 10 avril 2026 &#8211; 21h<\/strong><\/p>\n\n\n\n<p>Le groupe salamandre propose des reprises contemporaines comme begin, tainted love, life is life \u2026.<br>Un combo basse batterie qui porte deux guitares et un clavier tissant un canevas pour la chanteuse.<br>Tant\u00f4t chill avec glory box tant\u00f4t puissant avec black puma ou long train runnin.<br>Salamandre vient sur sc\u00e8ne au Douni le 10 avril \u00e0 21h pour passer un bon moment, pour vous faire danser.<br>Le Douni, le caf\u00e9 asso de la MJC de Monblanc, un endroit \u00e0 part pour un concert tous les deuxi\u00e8me vendredi du mois<br>Concert au chapeau<\/p>\n\n\n\n<figure class=\"wp-block-image size-full is-resized\"><img decoding=\"async\" width=\"462\" height=\"262\" src=\"https:\/\/mjcmonblanc.fr\/wp-content\/uploads\/2026\/01\/ConcertDouniSalamandre.png\" alt=\"\" class=\"wp-image-1864\" style=\"width:800px;height:auto\" srcset=\"https:\/\/mjcmonblanc.fr\/wp-content\/uploads\/2026\/01\/ConcertDouniSalamandre.png 462w, https:\/\/mjcmonblanc.fr\/wp-content\/uploads\/2026\/01\/ConcertDouniSalamandre-300x170.png 300w\" sizes=\"(max-width: 462px) 100vw, 462px\" \/><\/figure>\n\n\n\n<p class=\"has-large-font-size\"><strong>MALADETA au Douni le vendredi 8 mai 2026 &#8211; 21h<\/strong><br>Salamar en premi\u00e8re partie. Concert au chapeau.<\/p>\n\n\n\n<p><br>Originaire d\u2019Ari\u00e8ge et du Gers, le groupe s\u2019est appropri\u00e9 les chansons de Charly, le chanteur. Des compositions au d\u00e9part inspir\u00e9es par les groupes phares du rock : Nirvana, Noir D\u00e9sir, Matmatah, Luke et bien d&rsquo;autres\u2026 L&rsquo;alchimie de tous les membres a donn\u00e9 le son Maladeta ! Du rock, en fran\u00e7ais dans le texte, surfant avec diff\u00e9rentes influences pop, fusion, punk\u2026<br>Le Douni, le caf\u00e9 associatif de Monblanc qui propose un concert tous les deuxi\u00e8me vendredis du mois.<\/p>\n\n\n\n<figure class=\"wp-block-image size-large\"><img loading=\"lazy\" decoding=\"async\" width=\"1024\" height=\"473\" src=\"https:\/\/mjcmonblanc.fr\/wp-content\/uploads\/2026\/01\/MaladetaDouni8mai-1024x473.jpg\" alt=\"\" class=\"wp-image-1862\" srcset=\"https:\/\/mjcmonblanc.fr\/wp-content\/uploads\/2026\/01\/MaladetaDouni8mai-1024x473.jpg 1024w, https:\/\/mjcmonblanc.fr\/wp-content\/uploads\/2026\/01\/MaladetaDouni8mai-300x139.jpg 300w, https:\/\/mjcmonblanc.fr\/wp-content\/uploads\/2026\/01\/MaladetaDouni8mai-768x355.jpg 768w, https:\/\/mjcmonblanc.fr\/wp-content\/uploads\/2026\/01\/MaladetaDouni8mai-1536x709.jpg 1536w, https:\/\/mjcmonblanc.fr\/wp-content\/uploads\/2026\/01\/MaladetaDouni8mai.jpg 1600w\" sizes=\"(max-width: 1024px) 100vw, 1024px\" \/><\/figure>\n\n\n\n<p><\/p>\n","protected":false},"excerpt":{"rendered":"<p>Concert du 13 f\u00e9vrier 2026 Soir\u00e9e soupe au Douni avec le SEL de Monblanc le vendredi 6 f\u00e9vier 2026 Salamandre au Douni le vendredi 10 avril 2026 &#8211; 21h Le [&hellip;]<\/p>\n","protected":false},"author":4,"featured_media":0,"parent":0,"menu_order":0,"comment_status":"closed","ping_status":"closed","template":"","meta":{"footnotes":""},"class_list":["post-1706","page","type-page","status-publish","hentry"],"_links":{"self":[{"href":"https:\/\/mjcmonblanc.fr\/index.php?rest_route=\/wp\/v2\/pages\/1706","targetHints":{"allow":["GET"]}}],"collection":[{"href":"https:\/\/mjcmonblanc.fr\/index.php?rest_route=\/wp\/v2\/pages"}],"about":[{"href":"https:\/\/mjcmonblanc.fr\/index.php?rest_route=\/wp\/v2\/types\/page"}],"author":[{"embeddable":true,"href":"https:\/\/mjcmonblanc.fr\/index.php?rest_route=\/wp\/v2\/users\/4"}],"replies":[{"embeddable":true,"href":"https:\/\/mjcmonblanc.fr\/index.php?rest_route=%2Fwp%2Fv2%2Fcomments&post=1706"}],"version-history":[{"count":6,"href":"https:\/\/mjcmonblanc.fr\/index.php?rest_route=\/wp\/v2\/pages\/1706\/revisions"}],"predecessor-version":[{"id":1891,"href":"https:\/\/mjcmonblanc.fr\/index.php?rest_route=\/wp\/v2\/pages\/1706\/revisions\/1891"}],"wp:attachment":[{"href":"https:\/\/mjcmonblanc.fr\/index.php?rest_route=%2Fwp%2Fv2%2Fmedia&parent=1706"}],"curies":[{"name":"wp","href":"https:\/\/api.w.org\/{rel}","templated":true}]}}