{"id":1702,"date":"2025-08-24T12:38:44","date_gmt":"2025-08-24T10:38:44","guid":{"rendered":"https:\/\/mjcmonblanc.fr\/?page_id=1702"},"modified":"2026-01-27T13:36:12","modified_gmt":"2026-01-27T12:36:12","slug":"actualite","status":"publish","type":"page","link":"https:\/\/mjcmonblanc.fr\/?page_id=1702","title":{"rendered":"Actualit\u00e9 (Voir aussi la page caf\u00e9 pour les infos sur le Douni)"},"content":{"rendered":"\n<figure class=\"wp-block-image size-full\"><img fetchpriority=\"high\" decoding=\"async\" width=\"354\" height=\"500\" src=\"https:\/\/mjcmonblanc.fr\/wp-content\/uploads\/2026\/01\/ValHelloAsso-1.jpg\" alt=\"\" class=\"wp-image-1881\" srcset=\"https:\/\/mjcmonblanc.fr\/wp-content\/uploads\/2026\/01\/ValHelloAsso-1.jpg 354w, https:\/\/mjcmonblanc.fr\/wp-content\/uploads\/2026\/01\/ValHelloAsso-1-212x300.jpg 212w\" sizes=\"(max-width: 354px) 100vw, 354px\" \/><\/figure>\n\n\n<figure><\/figure>\n<div>La MJC de Monblanc organise un spectacle jeune public le dimanche 15 f\u00e9vrier \u00e0 16h.<\/div>\n<div>\u00a0<\/div>\n<div>\n<div>C&rsquo;est un spectacle qui m\u00eale th\u00e9\u00e2tre, musique, marionnettes\u00a0<b>pour tout public \u00e0 partir de 4 ans.<\/b><\/div>\n<\/div>\n<div>\u00a0<\/div>\n<div>\n<div>\u00a0<\/div>\n<div>\u00a0<\/div>\n<div><b>Tarifs :\u00a010 euros &#8211; 8 euros pour les moins de 13 ans<br \/><\/b><\/div>\n<div>\n<div>\n<div><b>R\u00e9servations via le site helloasso ou sur place le jour du spectacle.<\/b><\/div>\n<div><b><a href=\"https:\/\/www.helloasso.com\/associations\/mjc-de-monblanc\/evenements\/val-et-la-machine-a-histoire\" target=\"_blank\" rel=\"noopener\" data-saferedirecturl=\"https:\/\/www.google.com\/url?q=https:\/\/www.helloasso.com\/associations\/mjc-de-monblanc\/evenements\/val-et-la-machine-a-histoire&amp;source=gmail&amp;ust=1769603363735000&amp;usg=AOvVaw3iWqAJkBFLL4B--9Y1bzeq\">https:\/\/www.helloasso.com\/<wbr \/>associations\/mjc-de-monblanc\/<wbr \/>evenements\/val-et-la-machine-<wbr \/>a-histoire<\/a><\/b><\/div>\n<b><br \/><\/b><\/div>\n<div><b>teaser :<\/b><\/div>\n<div><b><a href=\"https:\/\/www.youtube.com\/watch?v=qJHkspH_PT0\" target=\"_blank\" rel=\"noopener\" data-saferedirecturl=\"https:\/\/www.google.com\/url?q=https:\/\/www.youtube.com\/watch?v%3DqJHkspH_PT0&amp;source=gmail&amp;ust=1769603363735000&amp;usg=AOvVaw2CNuKZTfyj7Kz6l-yyCKy7\">https:\/\/www.youtube.com\/watch?<wbr \/>v=qJHkspH_PT0<\/a><\/b><\/div>\n<\/div>\n<\/div>\n<figure><\/figure>\n<h2>L&rsquo;agenda<\/h2>\n<p><iframe style=\"border: solid 1px #777;\" src=\"https:\/\/calendar.google.com\/calendar\/embed?height=600&amp;wkst=1&amp;ctz=Europe%2FParis&amp;showPrint=0&amp;src=ZnIuZnJlbmNoI2hvbGlkYXlAZ3JvdXAudi5jYWxlbmRhci5nb29nbGUuY29t&amp;src=I2RheW51bUBncm91cC52LmNhbGVuZGFyLmdvb2dsZS5jb20&amp;src=aHQzamxmYWFjNWxmZDYyNjN1bGZoNHRxbDhAZ3JvdXAuY2FsZW5kYXIuZ29vZ2xlLmNvbQ&amp;color=%23cccccc&amp;color=%23a79b8e&amp;color=%23d81b60\" width=\"800\" height=\"600\" frameborder=\"0\" scrolling=\"no\"><\/iframe><\/p>","protected":false},"excerpt":{"rendered":"<p>La MJC de Monblanc organise un spectacle jeune public le dimanche 15 f\u00e9vrier \u00e0 16h. \u00a0 C&rsquo;est un spectacle qui m\u00eale th\u00e9\u00e2tre, musique, marionnettes\u00a0pour tout public \u00e0 partir de 4 [&hellip;]<\/p>\n","protected":false},"author":4,"featured_media":0,"parent":0,"menu_order":0,"comment_status":"closed","ping_status":"closed","template":"","meta":{"footnotes":""},"class_list":["post-1702","page","type-page","status-publish","hentry"],"_links":{"self":[{"href":"https:\/\/mjcmonblanc.fr\/index.php?rest_route=\/wp\/v2\/pages\/1702","targetHints":{"allow":["GET"]}}],"collection":[{"href":"https:\/\/mjcmonblanc.fr\/index.php?rest_route=\/wp\/v2\/pages"}],"about":[{"href":"https:\/\/mjcmonblanc.fr\/index.php?rest_route=\/wp\/v2\/types\/page"}],"author":[{"embeddable":true,"href":"https:\/\/mjcmonblanc.fr\/index.php?rest_route=\/wp\/v2\/users\/4"}],"replies":[{"embeddable":true,"href":"https:\/\/mjcmonblanc.fr\/index.php?rest_route=%2Fwp%2Fv2%2Fcomments&post=1702"}],"version-history":[{"count":10,"href":"https:\/\/mjcmonblanc.fr\/index.php?rest_route=\/wp\/v2\/pages\/1702\/revisions"}],"predecessor-version":[{"id":1882,"href":"https:\/\/mjcmonblanc.fr\/index.php?rest_route=\/wp\/v2\/pages\/1702\/revisions\/1882"}],"wp:attachment":[{"href":"https:\/\/mjcmonblanc.fr\/index.php?rest_route=%2Fwp%2Fv2%2Fmedia&parent=1702"}],"curies":[{"name":"wp","href":"https:\/\/api.w.org\/{rel}","templated":true}]}}