{"id":1695,"date":"2025-08-24T12:14:53","date_gmt":"2025-08-24T10:14:53","guid":{"rendered":"https:\/\/mjcmonblanc.fr\/?page_id=1695"},"modified":"2026-01-26T23:03:35","modified_gmt":"2026-01-26T22:03:35","slug":"lassociation","status":"publish","type":"page","link":"https:\/\/mjcmonblanc.fr\/?page_id=1695","title":{"rendered":"L\u2019association"},"content":{"rendered":"\t\t<div data-elementor-type=\"wp-page\" data-elementor-id=\"1695\" class=\"elementor elementor-1695\">\n\t\t\t\t<div class=\"elementor-element elementor-element-7495fa6 e-flex e-con-boxed e-con e-parent\" data-id=\"7495fa6\" data-element_type=\"container\">\n\t\t\t\t\t<div class=\"e-con-inner\">\n\t\t<div class=\"elementor-element elementor-element-6631dbc e-con-full e-flex e-con e-child\" data-id=\"6631dbc\" data-element_type=\"container\">\n\t\t\t\t<div class=\"elementor-element elementor-element-afcd0a8 elementor-widget__width-initial elementor-widget elementor-widget-text-editor\" data-id=\"afcd0a8\" data-element_type=\"widget\" data-widget_type=\"text-editor.default\">\n\t\t\t\t\t\t\t\t\t<p>Historique<br \/>Mode de fonctionnement<br \/>Actualit\u00e9<br \/>Club d\u2019activit\u00e9<br \/>Caf\u00e9<br \/>Projets<br \/>Prestations<br \/>Statut<br \/>Document<br \/>Espace adh\u00e9rent<\/p>\t\t\t\t\t\t\t\t<\/div>\n\t\t\t\t<\/div>\n\t\t<div class=\"elementor-element elementor-element-2e20ad1 e-con-full e-flex e-con e-child\" data-id=\"2e20ad1\" data-element_type=\"container\">\n\t\t\t\t<div class=\"elementor-element elementor-element-15b4b42 elementor-widget elementor-widget-heading\" data-id=\"15b4b42\" data-element_type=\"widget\" data-widget_type=\"heading.default\">\n\t\t\t\t\t<h2 class=\"elementor-heading-title elementor-size-default\">Qui sommes nous?<\/h2>\t\t\t\t<\/div>\n\t\t\t\t<div class=\"elementor-element elementor-element-a09a8b5 elementor-widget elementor-widget-text-editor\" data-id=\"a09a8b5\" data-element_type=\"widget\" data-widget_type=\"text-editor.default\">\n\t\t\t\t\t\t\t\t\t<p>La MJC a pour vocation de favoriser l&rsquo;autonomie et l&rsquo;\u00e9panouissement des personnes, de permettre \u00e0 tous d<sup>t<\/sup>acc\u00e9der \u00e0 l&rsquo;\u00e9ducation et \u00e0 la culture, afin que chacun participe \u00e0 la construction d&rsquo;une soci\u00e9t\u00e9 plus solidaire,<\/p><p>La MJC est ouverte \u00e0 tous, sans discrimination, permettant une relation conviviale entre les participants. Respectueuse des convictions personnelles, elle s&rsquo;interdit\u00a0toute attache avec un parti, un mouvement politique, une confession. La MJC respecte le pluralisme des id\u00e9es et les principes de la\u00efcit\u00e9 mis en avant dans les valeurs r\u00e9publicaines. Elle contribue \u00e0 la cr\u00e9ation et au maintien des liens sociaux dans la ville, le quartier et le village.<\/p>\t\t\t\t\t\t\t\t<\/div>\n\t\t\t\t<\/div>\n\t\t\t\t\t<\/div>\n\t\t\t\t<\/div>\n\t\t\t\t<\/div>\n\t\t","protected":false},"excerpt":{"rendered":"<p>HistoriqueMode de fonctionnementActualit\u00e9Club d\u2019activit\u00e9Caf\u00e9ProjetsPrestationsStatutDocumentEspace adh\u00e9rent Qui sommes nous? La MJC a pour vocation de favoriser l&rsquo;autonomie et l&rsquo;\u00e9panouissement des personnes, de permettre \u00e0 tous dtacc\u00e9der \u00e0 l&rsquo;\u00e9ducation et \u00e0 la [&hellip;]<\/p>\n","protected":false},"author":4,"featured_media":0,"parent":0,"menu_order":0,"comment_status":"closed","ping_status":"closed","template":"","meta":{"footnotes":""},"class_list":["post-1695","page","type-page","status-publish","hentry"],"_links":{"self":[{"href":"https:\/\/mjcmonblanc.fr\/index.php?rest_route=\/wp\/v2\/pages\/1695","targetHints":{"allow":["GET"]}}],"collection":[{"href":"https:\/\/mjcmonblanc.fr\/index.php?rest_route=\/wp\/v2\/pages"}],"about":[{"href":"https:\/\/mjcmonblanc.fr\/index.php?rest_route=\/wp\/v2\/types\/page"}],"author":[{"embeddable":true,"href":"https:\/\/mjcmonblanc.fr\/index.php?rest_route=\/wp\/v2\/users\/4"}],"replies":[{"embeddable":true,"href":"https:\/\/mjcmonblanc.fr\/index.php?rest_route=%2Fwp%2Fv2%2Fcomments&post=1695"}],"version-history":[{"count":7,"href":"https:\/\/mjcmonblanc.fr\/index.php?rest_route=\/wp\/v2\/pages\/1695\/revisions"}],"predecessor-version":[{"id":1871,"href":"https:\/\/mjcmonblanc.fr\/index.php?rest_route=\/wp\/v2\/pages\/1695\/revisions\/1871"}],"wp:attachment":[{"href":"https:\/\/mjcmonblanc.fr\/index.php?rest_route=%2Fwp%2Fv2%2Fmedia&parent=1695"}],"curies":[{"name":"wp","href":"https:\/\/api.w.org\/{rel}","templated":true}]}}